{"id":1068,"date":"2023-02-09T13:48:00","date_gmt":"2023-02-09T16:48:00","guid":{"rendered":"https:\/\/marqsaude.com\/?page_id=1068"},"modified":"2023-05-30T11:08:24","modified_gmt":"2023-05-30T14:08:24","slug":"agendamento-facil","status":"publish","type":"page","link":"https:\/\/marqsaude.com\/en\/agendamento-facil\/","title":{"rendered":"Agendamento f\u00e1cil"},"content":{"rendered":"\n<div class=\"wp-block-uagb-container uagb-block-6c3bdde3 alignfull uagb-is-root-container\"><div class=\"uagb-container-inner-blocks-wrap\"><\/div><\/div>\n\n\n\n<section id=\"gm9d4e6f6\" class=\"wp-block-gutentor-m3 section-gm9d4e6f6 gutentor-module gutentor-container-cover has-color-bg has-custom-bg\"><div class=\"grid-container\">\n<div class=\"wp-block-uagb-info-box uagb-block-f1e7bcc1 uagb-infobox__content-wrap  uagb-infobox-icon-above-title uagb-infobox-image-valign-top\"><div class=\"uagb-ifb-content\"><div class=\"uagb-ifb-title-wrap\"><h3 class=\"uagb-ifb-title\"><strong>Fa\u00e7a o seu pr\u00e9-agendamento<\/strong><\/h3><\/div><\/div><\/div>\n<\/div><\/section>\n\n\n\n<section id=\"gmd626642\" class=\"wp-block-gutentor-m3 section-gmd626642 gutentor-module gutentor-container-cover\"><div class=\"grid-container\">\n<div class=\"wp-block-bookingpress-bookingpress-appointment-form\">[bookingpress_form]<\/div>\n<\/div><\/section>\n","protected":false},"excerpt":{"rendered":"","protected":false},"author":2,"featured_media":0,"parent":0,"menu_order":0,"comment_status":"closed","ping_status":"closed","template":"","meta":{"_crdt_document":"","_uag_custom_page_level_css":"","site-sidebar-layout":"default","site-content-layout":"plain-container","ast-site-content-layout":"default","site-content-style":"default","site-sidebar-style":"default","ast-global-header-display":"","ast-banner-title-visibility":"","ast-main-header-display":"","ast-hfb-above-header-display":"","ast-hfb-below-header-display":"","ast-hfb-mobile-header-display":"","site-post-title":"disabled","ast-breadcrumbs-content":"","ast-featured-img":"","footer-sml-layout":"","ast-disable-related-posts":"","theme-transparent-header-meta":"","adv-header-id-meta":"","stick-header-meta":"","header-above-stick-meta":"","header-main-stick-meta":"","header-below-stick-meta":"","astra-migrate-meta-layouts":"default","ast-page-background-enabled":"default","ast-page-background-meta":{"desktop":{"background-color":"var(--ast-global-color-4)","background-image":"","background-repeat":"repeat","background-position":"center center","background-size":"auto","background-attachment":"scroll","background-type":"","background-media":"","overlay-type":"","overlay-color":"","overlay-opacity":"","overlay-gradient":""},"tablet":{"background-color":"","background-image":"","background-repeat":"repeat","background-position":"center center","background-size":"auto","background-attachment":"scroll","background-type":"","background-media":"","overlay-type":"","overlay-color":"","overlay-opacity":"","overlay-gradient":""},"mobile":{"background-color":"","background-image":"","background-repeat":"repeat","background-position":"center center","background-size":"auto","background-attachment":"scroll","background-type":"","background-media":"","overlay-type":"","overlay-color":"","overlay-opacity":"","overlay-gradient":""}},"ast-content-background-meta":{"desktop":{"background-color":"var(--ast-global-color-5)","background-image":"","background-repeat":"repeat","background-position":"center center","background-size":"auto","background-attachment":"scroll","background-type":"","background-media":"","overlay-type":"","overlay-color":"","overlay-opacity":"","overlay-gradient":""},"tablet":{"background-color":"var(--ast-global-color-5)","background-image":"","background-repeat":"repeat","background-position":"center center","background-size":"auto","background-attachment":"scroll","background-type":"","background-media":"","overlay-type":"","overlay-color":"","overlay-opacity":"","overlay-gradient":""},"mobile":{"background-color":"var(--ast-global-color-5)","background-image":"","background-repeat":"repeat","background-position":"center center","background-size":"auto","background-attachment":"scroll","background-type":"","background-media":"","overlay-type":"","overlay-color":"","overlay-opacity":"","overlay-gradient":""}},"footnotes":""},"class_list":["post-1068","page","type-page","status-publish","hentry"],"yoast_head":"<!-- This site is optimized with the Yoast SEO plugin v27.2 - https:\/\/yoast.com\/product\/yoast-seo-wordpress\/ -->\n<title>Agendamento f\u00e1cil - Central MarqSa\u00fade<\/title>\n<meta name=\"description\" content=\"Realize o seu agendamento de modo f\u00e1cil e r\u00e1pido. Voc\u00ea mesmo pode realizar o seu agendamento e entraremos em contato para confirmar.\" \/>\n<meta name=\"robots\" content=\"index, follow, max-snippet:-1, max-image-preview:large, max-video-preview:-1\" \/>\n<link rel=\"canonical\" href=\"https:\/\/marqsaude.com\/en\/agendamento-facil\/\" \/>\n<meta property=\"og:locale\" content=\"en_US\" \/>\n<meta property=\"og:type\" content=\"article\" \/>\n<meta property=\"og:title\" content=\"Agendamento f\u00e1cil - Central MarqSa\u00fade\" \/>\n<meta property=\"og:description\" content=\"Realize o seu agendamento de modo f\u00e1cil e r\u00e1pido. Voc\u00ea mesmo pode realizar o seu agendamento e entraremos em contato para confirmar.\" \/>\n<meta property=\"og:url\" content=\"https:\/\/marqsaude.com\/en\/agendamento-facil\/\" \/>\n<meta property=\"og:site_name\" content=\"Central MarqSa\u00fade\" \/>\n<meta property=\"article:publisher\" content=\"https:\/\/www.facebook.com\/MarqSaudepravoce\" \/>\n<meta property=\"article:modified_time\" content=\"2023-05-30T14:08:24+00:00\" \/>\n<meta name=\"twitter:card\" content=\"summary_large_image\" \/>\n<meta name=\"twitter:label1\" content=\"Est. reading time\" \/>\n\t<meta name=\"twitter:data1\" content=\"1 minute\" \/>\n<script type=\"application\/ld+json\" class=\"yoast-schema-graph\">{\"@context\":\"https:\/\/schema.org\",\"@graph\":[{\"@type\":\"WebPage\",\"@id\":\"https:\/\/marqsaude.com\/agendamento-facil\/\",\"url\":\"https:\/\/marqsaude.com\/agendamento-facil\/\",\"name\":\"Agendamento f\u00e1cil - Central MarqSa\u00fade\",\"isPartOf\":{\"@id\":\"https:\/\/marqsaude.com\/#website\"},\"datePublished\":\"2023-02-09T16:48:00+00:00\",\"dateModified\":\"2023-05-30T14:08:24+00:00\",\"description\":\"Realize o seu agendamento de modo f\u00e1cil e r\u00e1pido. Voc\u00ea mesmo pode realizar o seu agendamento e entraremos em contato para confirmar.\",\"breadcrumb\":{\"@id\":\"https:\/\/marqsaude.com\/agendamento-facil\/#breadcrumb\"},\"inLanguage\":\"en-US\",\"potentialAction\":[{\"@type\":\"ReadAction\",\"target\":[\"https:\/\/marqsaude.com\/agendamento-facil\/\"]}]},{\"@type\":\"BreadcrumbList\",\"@id\":\"https:\/\/marqsaude.com\/agendamento-facil\/#breadcrumb\",\"itemListElement\":[{\"@type\":\"ListItem\",\"position\":1,\"name\":\"Home\",\"item\":\"https:\/\/marqsaude.com\/\"},{\"@type\":\"ListItem\",\"position\":2,\"name\":\"Agendamento f\u00e1cil\"}]},{\"@type\":\"WebSite\",\"@id\":\"https:\/\/marqsaude.com\/#website\",\"url\":\"https:\/\/marqsaude.com\/\",\"name\":\"marqsaude\",\"description\":\"\",\"publisher\":{\"@id\":\"https:\/\/marqsaude.com\/#organization\"},\"potentialAction\":[{\"@type\":\"SearchAction\",\"target\":{\"@type\":\"EntryPoint\",\"urlTemplate\":\"https:\/\/marqsaude.com\/?s={search_term_string}\"},\"query-input\":{\"@type\":\"PropertyValueSpecification\",\"valueRequired\":true,\"valueName\":\"search_term_string\"}}],\"inLanguage\":\"en-US\"},{\"@type\":\"Organization\",\"@id\":\"https:\/\/marqsaude.com\/#organization\",\"name\":\"Marq Sa\u00fade Central de Agendamento\",\"url\":\"https:\/\/marqsaude.com\/\",\"logo\":{\"@type\":\"ImageObject\",\"inLanguage\":\"en-US\",\"@id\":\"https:\/\/marqsaude.com\/#\/schema\/logo\/image\/\",\"url\":\"https:\/\/marqsaude.com\/wp-content\/uploads\/2022\/09\/cropped-Ativo-2.png\",\"contentUrl\":\"https:\/\/marqsaude.com\/wp-content\/uploads\/2022\/09\/cropped-Ativo-2.png\",\"width\":1093,\"height\":232,\"caption\":\"Marq Sa\u00fade Central de Agendamento\"},\"image\":{\"@id\":\"https:\/\/marqsaude.com\/#\/schema\/logo\/image\/\"},\"sameAs\":[\"https:\/\/www.facebook.com\/MarqSaudepravoce\"]}]}<\/script>\n<!-- \/ Yoast SEO plugin. -->","yoast_head_json":{"title":"Agendamento f\u00e1cil - Central MarqSa\u00fade","description":"Realize o seu agendamento de modo f\u00e1cil e r\u00e1pido. Voc\u00ea mesmo pode realizar o seu agendamento e entraremos em contato para confirmar.","robots":{"index":"index","follow":"follow","max-snippet":"max-snippet:-1","max-image-preview":"max-image-preview:large","max-video-preview":"max-video-preview:-1"},"canonical":"https:\/\/marqsaude.com\/en\/agendamento-facil\/","og_locale":"en_US","og_type":"article","og_title":"Agendamento f\u00e1cil - Central MarqSa\u00fade","og_description":"Realize o seu agendamento de modo f\u00e1cil e r\u00e1pido. Voc\u00ea mesmo pode realizar o seu agendamento e entraremos em contato para confirmar.","og_url":"https:\/\/marqsaude.com\/en\/agendamento-facil\/","og_site_name":"Central MarqSa\u00fade","article_publisher":"https:\/\/www.facebook.com\/MarqSaudepravoce","article_modified_time":"2023-05-30T14:08:24+00:00","twitter_card":"summary_large_image","twitter_misc":{"Est. reading time":"1 minute"},"schema":{"@context":"https:\/\/schema.org","@graph":[{"@type":"WebPage","@id":"https:\/\/marqsaude.com\/agendamento-facil\/","url":"https:\/\/marqsaude.com\/agendamento-facil\/","name":"Agendamento f\u00e1cil - Central MarqSa\u00fade","isPartOf":{"@id":"https:\/\/marqsaude.com\/#website"},"datePublished":"2023-02-09T16:48:00+00:00","dateModified":"2023-05-30T14:08:24+00:00","description":"Realize o seu agendamento de modo f\u00e1cil e r\u00e1pido. Voc\u00ea mesmo pode realizar o seu agendamento e entraremos em contato para confirmar.","breadcrumb":{"@id":"https:\/\/marqsaude.com\/agendamento-facil\/#breadcrumb"},"inLanguage":"en-US","potentialAction":[{"@type":"ReadAction","target":["https:\/\/marqsaude.com\/agendamento-facil\/"]}]},{"@type":"BreadcrumbList","@id":"https:\/\/marqsaude.com\/agendamento-facil\/#breadcrumb","itemListElement":[{"@type":"ListItem","position":1,"name":"Home","item":"https:\/\/marqsaude.com\/"},{"@type":"ListItem","position":2,"name":"Agendamento f\u00e1cil"}]},{"@type":"WebSite","@id":"https:\/\/marqsaude.com\/#website","url":"https:\/\/marqsaude.com\/","name":"marqsaude","description":"","publisher":{"@id":"https:\/\/marqsaude.com\/#organization"},"potentialAction":[{"@type":"SearchAction","target":{"@type":"EntryPoint","urlTemplate":"https:\/\/marqsaude.com\/?s={search_term_string}"},"query-input":{"@type":"PropertyValueSpecification","valueRequired":true,"valueName":"search_term_string"}}],"inLanguage":"en-US"},{"@type":"Organization","@id":"https:\/\/marqsaude.com\/#organization","name":"Marq Sa\u00fade Central de Agendamento","url":"https:\/\/marqsaude.com\/","logo":{"@type":"ImageObject","inLanguage":"en-US","@id":"https:\/\/marqsaude.com\/#\/schema\/logo\/image\/","url":"https:\/\/marqsaude.com\/wp-content\/uploads\/2022\/09\/cropped-Ativo-2.png","contentUrl":"https:\/\/marqsaude.com\/wp-content\/uploads\/2022\/09\/cropped-Ativo-2.png","width":1093,"height":232,"caption":"Marq Sa\u00fade Central de Agendamento"},"image":{"@id":"https:\/\/marqsaude.com\/#\/schema\/logo\/image\/"},"sameAs":["https:\/\/www.facebook.com\/MarqSaudepravoce"]}]}},"uagb_featured_image_src":{"full":false,"thumbnail":false,"medium":false,"medium_large":false,"large":false,"1536x1536":false,"2048x2048":false,"trp-custom-language-flag":false},"uagb_author_info":{"display_name":"admin","author_link":"https:\/\/marqsaude.com\/en\/author\/admin-2\/"},"uagb_comment_info":0,"uagb_excerpt":null,"rttpg_featured_image_url":null,"rttpg_author":{"display_name":"admin","author_link":"https:\/\/marqsaude.com\/en\/author\/admin-2\/"},"rttpg_comment":0,"rttpg_category":null,"rttpg_excerpt":null,"_links":{"self":[{"href":"https:\/\/marqsaude.com\/en\/wp-json\/wp\/v2\/pages\/1068","targetHints":{"allow":["GET"]}}],"collection":[{"href":"https:\/\/marqsaude.com\/en\/wp-json\/wp\/v2\/pages"}],"about":[{"href":"https:\/\/marqsaude.com\/en\/wp-json\/wp\/v2\/types\/page"}],"author":[{"embeddable":true,"href":"https:\/\/marqsaude.com\/en\/wp-json\/wp\/v2\/users\/2"}],"replies":[{"embeddable":true,"href":"https:\/\/marqsaude.com\/en\/wp-json\/wp\/v2\/comments?post=1068"}],"version-history":[{"count":35,"href":"https:\/\/marqsaude.com\/en\/wp-json\/wp\/v2\/pages\/1068\/revisions"}],"predecessor-version":[{"id":2817,"href":"https:\/\/marqsaude.com\/en\/wp-json\/wp\/v2\/pages\/1068\/revisions\/2817"}],"wp:attachment":[{"href":"https:\/\/marqsaude.com\/en\/wp-json\/wp\/v2\/media?parent=1068"}],"curies":[{"name":"wp","href":"https:\/\/api.w.org\/{rel}","templated":true}]}}