{"id":98,"date":"2020-08-20T13:13:55","date_gmt":"2020-08-20T16:13:55","guid":{"rendered":"https:\/\/marqsaude.com\/services\/"},"modified":"2023-05-18T00:25:01","modified_gmt":"2023-05-18T03:25:01","slug":"especialidades","status":"publish","type":"page","link":"https:\/\/marqsaude.com\/en\/especialidades\/","title":{"rendered":"Especialidades"},"content":{"rendered":"\n\n\n<div class=\"wp-block-uagb-container uagb-block-775e5ad7 alignfull uagb-is-root-container\"><div class=\"uagb-container-inner-blocks-wrap\"><p>[ctu_ultimate_oxi id=&#8221;2&#8243;]<\/p>\n<\/div><\/div>\n\n\n\n<div class=\"wp-block-uagb-container uagb-block-d0158a35 alignfull uagb-is-root-container\"><div class=\"uagb-container-inner-blocks-wrap\"><\/div><\/div>\n\n\n\n<div class=\"wp-block-uagb-container uagb-block-e5146248 alignfull uagb-is-root-container\"><div class=\"uagb-container-inner-blocks-wrap\">\n<div class=\"wp-block-uagb-info-box uagb-block-e251c086 uagb-infobox__content-wrap  uagb-infobox-icon-above-title uagb-infobox-image-valign-top\"><div class=\"uagb-ifb-content\"><div class=\"uagb-ifb-title-wrap\"><span class=\"uagb-ifb-title-prefix\">Conhe\u00e7a outros<\/span><h2 class=\"uagb-ifb-title\">Servi\u00e7os que prestamos <\/h2><\/div><\/div><\/div>\n\n\n\n<section id=\"gmfe33587\" class=\"wp-block-gutentor-m3 section-gmfe33587 gutentor-module gutentor-container-cover\"><div class=\"grid-container\">\n<section id=\"gm19fb379\" class=\"wp-block-gutentor-m4 section-gm19fb379 gutentor-module gutentor-advanced-columns gutentor-equal-column-height\"><div class=\"grid-container\"><div class=\"grid-row\">\n<div id=\"col-gm60862a\" class=\"wp-block-gutentor-m4-col col-gm60862a gutentor-single-column  grid-lg-6 grid-md-12 grid-12\"><div id=\"section-gm60862a\" class=\"section-gm60862a gutentor-col-wrap has-image-bg has-custom-bg has-gutentor-overlay\">\n<div class=\"wp-block-columns are-vertically-aligned-center is-layout-flex wp-container-core-columns-is-layout-7387b849 wp-block-columns-is-layout-flex\">\n<div class=\"wp-block-column is-vertically-aligned-center is-layout-flow wp-block-column-is-layout-flow\" style=\"flex-basis:100%\">\n<div class=\"wp-block-uagb-info-box uagb-block-c51037c9 uagb-infobox__content-wrap  uagb-infobox-icon-above-title uagb-infobox-image-valign-top\"><div class=\"uagb-ifb-content\"><div class=\"uagb-ifb-icon-wrap\"><svg xmlns=\"https:\/\/www.w3.org\/2000\/svg\" viewBox=\"0 0 640 512\"><path d=\"M96 96C96 60.65 124.7 32 160 32H576C611.3 32 640 60.65 640 96V320C640 355.3 611.3 384 576 384H160C124.7 384 96 355.3 96 320V96zM160 320H224C224 284.7 195.3 256 160 256V320zM160 96V160C195.3 160 224 131.3 224 96H160zM576 256C540.7 256 512 284.7 512 320H576V256zM512 96C512 131.3 540.7 160 576 160V96H512zM368 128C323.8 128 288 163.8 288 208C288 252.2 323.8 288 368 288C412.2 288 448 252.2 448 208C448 163.8 412.2 128 368 128zM48 360C48 399.8 80.24 432 120 432H520C533.3 432 544 442.7 544 456C544 469.3 533.3 480 520 480H120C53.73 480 0 426.3 0 360V120C0 106.7 10.75 96 24 96C37.25 96 48 106.7 48 120V360z\"><\/path><\/svg><\/div><div class=\"uagb-ifb-title-wrap\"><h3 class=\"uagb-ifb-title\">CART\u00c3O DE DESCONTOS<\/h3><\/div><p class=\"uagb-ifb-desc\">Conhe\u00e7a nosso cart\u00e3o Vantagens e<br>adquira diversos descontos em<br>consultas e exames. Descontos de <br>at\u00e9 70%em consultas m\u00e9dicas.<\/p><div class=\"uagb-ifb-button-wrapper wp-block-button\"><a href=\"\" class=\"uagb-infobox-cta-link wp-block-button__link\" target=\"_self\" rel=\"noopener noreferrer\"><span class=\"uagb-inline-editing\">Saiba Mais<\/span><\/a><\/div><\/div><\/div>\n<\/div>\n<\/div>\n<\/div><\/div>\n\n\n\n<div id=\"col-gm851120\" class=\"wp-block-gutentor-m4-col col-gm851120 gutentor-single-column  grid-lg-6 grid-md-12 grid-12\"><div id=\"section-gm851120\" class=\"section-gm851120 gutentor-col-wrap has-image-bg has-custom-bg has-gutentor-overlay\">\n<div class=\"wp-block-uagb-info-box uagb-block-9f88c316 uagb-infobox__content-wrap  uagb-infobox-icon-above-title uagb-infobox-image-valign-top\"><div class=\"uagb-ifb-content\"><div class=\"uagb-ifb-icon-wrap\"><svg xmlns=\"https:\/\/www.w3.org\/2000\/svg\" viewBox=\"0 0 576 512\"><path d=\"M352.4 243.8l-49.83 99.5c-6.009 12-23.41 11.62-28.92-.625L216.7 216.3l-30.05 71.75L88.55 288l176.4 182.2c12.66 13.07 33.36 13.07 46.03 0l176.4-182.2l-112.1 .0052L352.4 243.8zM495.2 62.86c-54.36-46.98-137.5-38.5-187.5 13.06L288 96.25L268.3 75.92C218.3 24.36 135.2 15.88 80.81 62.86C23.37 112.5 16.84 197.6 60.18 256h105l35.93-86.25c5.508-12.88 23.66-13.12 29.54-.375l58.21 129.4l49.07-98c5.884-11.75 22.78-11.75 28.67 0l27.67 55.25h121.5C559.2 197.6 552.6 112.5 495.2 62.86z\"><\/path><\/svg><\/div><div class=\"uagb-ifb-title-wrap\"><h3 class=\"uagb-ifb-title\">EXAMES M\u00c9DICOS<\/h3><\/div><p class=\"uagb-ifb-desc\">Nossas cl\u00ednicas parceiras realizam <br>diversos exames m\u00e9dicos, desde a exames de imagem como exames laboratoriais. <\/p><div class=\"uagb-ifb-button-wrapper wp-block-button\"><a href=\"https:\/\/marqsaude.com\/exames-medicos\" class=\"uagb-infobox-cta-link wp-block-button__link\" target=\"_self\" rel=\"noopener noreferrer\"><span class=\"uagb-inline-editing\">Saiba Mais<\/span><\/a><\/div><\/div><\/div>\n<\/div><\/div>\n<\/div><\/div><\/section>\n<\/div><\/section>\n<\/div><\/div>\n\n\n\n<div class=\"wp-block-uagb-container uagb-block-b6d2839b alignfull uagb-is-root-container\"><div class=\"uagb-container-inner-blocks-wrap\">\n<div class=\"wp-block-uagb-info-box uagb-block-b581654d uagb-infobox__content-wrap  uagb-infobox-icon-above-title uagb-infobox-image-valign-top\"><div class=\"uagb-ifb-content\"><div class=\"uagb-ifb-icon-wrap\"><svg xmlns=\"https:\/\/www.w3.org\/2000\/svg\" viewBox=\"0 0 512 512\"><path d=\"M284.6 181.9c-10.28-8.344-25.41-6.875-33.75 3.406C242.4 195.6 243.9 210.7 254.2 219.1c11.31 9.25 17.81 22.69 17.81 36.87c0 14.19-6.5 27.62-17.81 36.87c-10.28 8.406-11.78 23.53-3.375 33.78c4.719 5.812 11.62 8.812 18.56 8.812c5.344 0 10.75-1.781 15.19-5.406c22.53-18.44 35.44-45.4 35.44-74.05S307.1 200.4 284.6 181.9zM345.1 107.1c-10.22-8.344-25.34-6.907-33.78 3.343c-8.406 10.25-6.906 25.37 3.344 33.78c33.88 27.78 53.31 68.18 53.31 110.9s-19.44 83.09-53.31 110.9c-10.25 8.406-11.75 23.53-3.344 33.78c4.75 5.781 11.62 8.781 18.56 8.781c5.375 0 10.75-1.781 15.22-5.438C390.2 367.1 416 313.1 416 255.1S390.2 144.9 345.1 107.1zM406.4 33.15c-10.22-8.344-25.34-6.875-33.78 3.344c-8.406 10.25-6.906 25.37 3.344 33.78C431.9 116.1 464 183.8 464 255.1s-32.09 139.9-88.06 185.7c-10.25 8.406-11.75 23.53-3.344 33.78c4.75 5.781 11.62 8.781 18.56 8.781c5.375 0 10.75-1.781 15.22-5.438C473.5 423.8 512 342.6 512 255.1S473.5 88.15 406.4 33.15zM151.3 174.6C161.1 175.6 172.1 169.5 176 159.6l33.75-84.38C214 64.35 209.1 51.1 200.2 45.86l-67.47-42.17C123.2-2.289 110.9-.8945 102.9 7.08C-34.32 144.3-34.31 367.7 102.9 504.9c7.982 7.984 20.22 9.379 29.75 3.402l67.48-42.19c9.775-6.104 13.9-18.47 9.598-29.3L176 352.5c-3.945-9.963-14.14-16.11-24.73-14.97l-53.24 5.314C78.89 286.7 78.89 225.4 98.06 169.3L151.3 174.6z\"><\/path><\/svg><\/div><div class=\"uagb-ifb-title-wrap\"><span class=\"uagb-ifb-title-prefix\">Entre com contato conosco<\/span><h2 class=\"uagb-ifb-title\">61 2026-1313<\/h2><\/div><div class=\"uagb-ifb-separator\"><\/div><p class=\"uagb-ifb-desc\">Fale com um de nossos colaboradores<\/p><div class=\"uagb-ifb-button-wrapper wp-block-button\"><a href=\"https:\/\/marqsaude.com\/contact\/\" class=\"uagb-infobox-cta-link wp-block-button__link\" target=\"_self\" rel=\"noopener noreferrer\" onclick=\"return true;\" alt=\"\"><span class=\"uagb-inline-editing\">Fale conosco<\/span><\/a><\/div><\/div><\/div>\n<\/div><\/div>\n","protected":false},"excerpt":{"rendered":"","protected":false},"author":2,"featured_media":1644,"parent":0,"menu_order":0,"comment_status":"closed","ping_status":"closed","template":"","meta":{"_crdt_document":"","_uag_custom_page_level_css":"","site-sidebar-layout":"default","site-content-layout":"plain-container","ast-site-content-layout":"default","site-content-style":"default","site-sidebar-style":"default","ast-global-header-display":"","ast-banner-title-visibility":"","ast-main-header-display":"","ast-hfb-above-header-display":"","ast-hfb-below-header-display":"","ast-hfb-mobile-header-display":"","site-post-title":"disabled","ast-breadcrumbs-content":"","ast-featured-img":"disabled","footer-sml-layout":"","ast-disable-related-posts":"","theme-transparent-header-meta":"enabled","adv-header-id-meta":null,"stick-header-meta":null,"header-above-stick-meta":null,"header-main-stick-meta":null,"header-below-stick-meta":null,"astra-migrate-meta-layouts":"default","ast-page-background-enabled":"default","ast-page-background-meta":{"desktop":{"background-color":"var(--ast-global-color-4)","background-image":"","background-repeat":"repeat","background-position":"center center","background-size":"auto","background-attachment":"scroll","background-type":"","background-media":"","overlay-type":"","overlay-color":"","overlay-opacity":"","overlay-gradient":""},"tablet":{"background-color":"","background-image":"","background-repeat":"repeat","background-position":"center center","background-size":"auto","background-attachment":"scroll","background-type":"","background-media":"","overlay-type":"","overlay-color":"","overlay-opacity":"","overlay-gradient":""},"mobile":{"background-color":"","background-image":"","background-repeat":"repeat","background-position":"center center","background-size":"auto","background-attachment":"scroll","background-type":"","background-media":"","overlay-type":"","overlay-color":"","overlay-opacity":"","overlay-gradient":""}},"ast-content-background-meta":{"desktop":{"background-color":"var(--ast-global-color-5)","background-image":"","background-repeat":"repeat","background-position":"center center","background-size":"auto","background-attachment":"scroll","background-type":"","background-media":"","overlay-type":"","overlay-color":"","overlay-opacity":"","overlay-gradient":""},"tablet":{"background-color":"var(--ast-global-color-5)","background-image":"","background-repeat":"repeat","background-position":"center center","background-size":"auto","background-attachment":"scroll","background-type":"","background-media":"","overlay-type":"","overlay-color":"","overlay-opacity":"","overlay-gradient":""},"mobile":{"background-color":"var(--ast-global-color-5)","background-image":"","background-repeat":"repeat","background-position":"center center","background-size":"auto","background-attachment":"scroll","background-type":"","background-media":"","overlay-type":"","overlay-color":"","overlay-opacity":"","overlay-gradient":""}},"footnotes":""},"class_list":["post-98","page","type-page","status-publish","has-post-thumbnail","hentry"],"yoast_head":"<!-- This site is optimized with the Yoast SEO plugin v27.2 - https:\/\/yoast.com\/product\/yoast-seo-wordpress\/ -->\n<title>Especialidades - Central MarqSa\u00fade<\/title>\n<meta name=\"description\" content=\"N\u00f3s da Marq Sa\u00fade temos em nossas cl\u00ednicas parceiras diversas especialidades m\u00e9dicas que atendem em todo o Distrito Federal e Entorno.\" \/>\n<meta name=\"robots\" content=\"index, follow, max-snippet:-1, max-image-preview:large, max-video-preview:-1\" \/>\n<link rel=\"canonical\" href=\"https:\/\/marqsaude.com\/en\/especialidades\/\" \/>\n<meta property=\"og:locale\" content=\"en_US\" \/>\n<meta property=\"og:type\" content=\"article\" \/>\n<meta property=\"og:title\" content=\"Especialidades - Central MarqSa\u00fade\" \/>\n<meta property=\"og:description\" content=\"N\u00f3s da Marq Sa\u00fade temos em nossas cl\u00ednicas parceiras diversas especialidades m\u00e9dicas que atendem em todo o Distrito Federal e Entorno.\" \/>\n<meta property=\"og:url\" content=\"https:\/\/marqsaude.com\/en\/especialidades\/\" \/>\n<meta property=\"og:site_name\" content=\"Central MarqSa\u00fade\" \/>\n<meta property=\"article:publisher\" content=\"https:\/\/www.facebook.com\/MarqSaudepravoce\" \/>\n<meta property=\"article:modified_time\" content=\"2023-05-18T03:25:01+00:00\" \/>\n<meta property=\"og:image\" content=\"https:\/\/marqsaude.com\/wp-content\/uploads\/2023\/03\/Medica-1-e1678824643150.jpg\" \/>\n\t<meta property=\"og:image:width\" content=\"1000\" \/>\n\t<meta property=\"og:image:height\" content=\"667\" \/>\n\t<meta property=\"og:image:type\" content=\"image\/jpeg\" \/>\n<meta name=\"twitter:card\" content=\"summary_large_image\" \/>\n<meta name=\"twitter:label1\" content=\"Est. reading time\" \/>\n\t<meta name=\"twitter:data1\" content=\"1 minute\" \/>\n<script type=\"application\/ld+json\" class=\"yoast-schema-graph\">{\"@context\":\"https:\/\/schema.org\",\"@graph\":[{\"@type\":\"WebPage\",\"@id\":\"https:\/\/marqsaude.com\/especialidades\/\",\"url\":\"https:\/\/marqsaude.com\/especialidades\/\",\"name\":\"Especialidades - Central MarqSa\u00fade\",\"isPartOf\":{\"@id\":\"https:\/\/marqsaude.com\/#website\"},\"primaryImageOfPage\":{\"@id\":\"https:\/\/marqsaude.com\/especialidades\/#primaryimage\"},\"image\":{\"@id\":\"https:\/\/marqsaude.com\/especialidades\/#primaryimage\"},\"thumbnailUrl\":\"https:\/\/marqsaude.com\/wp-content\/uploads\/2023\/03\/Medica-1-e1678824643150.jpg\",\"datePublished\":\"2020-08-20T16:13:55+00:00\",\"dateModified\":\"2023-05-18T03:25:01+00:00\",\"description\":\"N\u00f3s da Marq Sa\u00fade temos em nossas cl\u00ednicas parceiras diversas especialidades m\u00e9dicas que atendem em todo o Distrito Federal e Entorno.\",\"breadcrumb\":{\"@id\":\"https:\/\/marqsaude.com\/especialidades\/#breadcrumb\"},\"inLanguage\":\"en-US\",\"potentialAction\":[{\"@type\":\"ReadAction\",\"target\":[\"https:\/\/marqsaude.com\/especialidades\/\"]}]},{\"@type\":\"ImageObject\",\"inLanguage\":\"en-US\",\"@id\":\"https:\/\/marqsaude.com\/especialidades\/#primaryimage\",\"url\":\"https:\/\/marqsaude.com\/wp-content\/uploads\/2023\/03\/Medica-1-e1678824643150.jpg\",\"contentUrl\":\"https:\/\/marqsaude.com\/wp-content\/uploads\/2023\/03\/Medica-1-e1678824643150.jpg\",\"width\":1000,\"height\":667,\"caption\":\"M\u00e9dica Endocrinologia\"},{\"@type\":\"BreadcrumbList\",\"@id\":\"https:\/\/marqsaude.com\/especialidades\/#breadcrumb\",\"itemListElement\":[{\"@type\":\"ListItem\",\"position\":1,\"name\":\"Home\",\"item\":\"https:\/\/marqsaude.com\/\"},{\"@type\":\"ListItem\",\"position\":2,\"name\":\"Especialidades\"}]},{\"@type\":\"WebSite\",\"@id\":\"https:\/\/marqsaude.com\/#website\",\"url\":\"https:\/\/marqsaude.com\/\",\"name\":\"marqsaude\",\"description\":\"\",\"publisher\":{\"@id\":\"https:\/\/marqsaude.com\/#organization\"},\"potentialAction\":[{\"@type\":\"SearchAction\",\"target\":{\"@type\":\"EntryPoint\",\"urlTemplate\":\"https:\/\/marqsaude.com\/?s={search_term_string}\"},\"query-input\":{\"@type\":\"PropertyValueSpecification\",\"valueRequired\":true,\"valueName\":\"search_term_string\"}}],\"inLanguage\":\"en-US\"},{\"@type\":\"Organization\",\"@id\":\"https:\/\/marqsaude.com\/#organization\",\"name\":\"Marq Sa\u00fade Central de Agendamento\",\"url\":\"https:\/\/marqsaude.com\/\",\"logo\":{\"@type\":\"ImageObject\",\"inLanguage\":\"en-US\",\"@id\":\"https:\/\/marqsaude.com\/#\/schema\/logo\/image\/\",\"url\":\"https:\/\/marqsaude.com\/wp-content\/uploads\/2022\/09\/cropped-Ativo-2.png\",\"contentUrl\":\"https:\/\/marqsaude.com\/wp-content\/uploads\/2022\/09\/cropped-Ativo-2.png\",\"width\":1093,\"height\":232,\"caption\":\"Marq Sa\u00fade Central de Agendamento\"},\"image\":{\"@id\":\"https:\/\/marqsaude.com\/#\/schema\/logo\/image\/\"},\"sameAs\":[\"https:\/\/www.facebook.com\/MarqSaudepravoce\"]}]}<\/script>\n<!-- \/ Yoast SEO plugin. -->","yoast_head_json":{"title":"Especialidades - Central MarqSa\u00fade","description":"N\u00f3s da Marq Sa\u00fade temos em nossas cl\u00ednicas parceiras diversas especialidades m\u00e9dicas que atendem em todo o Distrito Federal e Entorno.","robots":{"index":"index","follow":"follow","max-snippet":"max-snippet:-1","max-image-preview":"max-image-preview:large","max-video-preview":"max-video-preview:-1"},"canonical":"https:\/\/marqsaude.com\/en\/especialidades\/","og_locale":"en_US","og_type":"article","og_title":"Especialidades - Central MarqSa\u00fade","og_description":"N\u00f3s da Marq Sa\u00fade temos em nossas cl\u00ednicas parceiras diversas especialidades m\u00e9dicas que atendem em todo o Distrito Federal e Entorno.","og_url":"https:\/\/marqsaude.com\/en\/especialidades\/","og_site_name":"Central MarqSa\u00fade","article_publisher":"https:\/\/www.facebook.com\/MarqSaudepravoce","article_modified_time":"2023-05-18T03:25:01+00:00","og_image":[{"width":1000,"height":667,"url":"https:\/\/marqsaude.com\/wp-content\/uploads\/2023\/03\/Medica-1-e1678824643150.jpg","type":"image\/jpeg"}],"twitter_card":"summary_large_image","twitter_misc":{"Est. reading time":"1 minute"},"schema":{"@context":"https:\/\/schema.org","@graph":[{"@type":"WebPage","@id":"https:\/\/marqsaude.com\/especialidades\/","url":"https:\/\/marqsaude.com\/especialidades\/","name":"Especialidades - Central MarqSa\u00fade","isPartOf":{"@id":"https:\/\/marqsaude.com\/#website"},"primaryImageOfPage":{"@id":"https:\/\/marqsaude.com\/especialidades\/#primaryimage"},"image":{"@id":"https:\/\/marqsaude.com\/especialidades\/#primaryimage"},"thumbnailUrl":"https:\/\/marqsaude.com\/wp-content\/uploads\/2023\/03\/Medica-1-e1678824643150.jpg","datePublished":"2020-08-20T16:13:55+00:00","dateModified":"2023-05-18T03:25:01+00:00","description":"N\u00f3s da Marq Sa\u00fade temos em nossas cl\u00ednicas parceiras diversas especialidades m\u00e9dicas que atendem em todo o Distrito Federal e Entorno.","breadcrumb":{"@id":"https:\/\/marqsaude.com\/especialidades\/#breadcrumb"},"inLanguage":"en-US","potentialAction":[{"@type":"ReadAction","target":["https:\/\/marqsaude.com\/especialidades\/"]}]},{"@type":"ImageObject","inLanguage":"en-US","@id":"https:\/\/marqsaude.com\/especialidades\/#primaryimage","url":"https:\/\/marqsaude.com\/wp-content\/uploads\/2023\/03\/Medica-1-e1678824643150.jpg","contentUrl":"https:\/\/marqsaude.com\/wp-content\/uploads\/2023\/03\/Medica-1-e1678824643150.jpg","width":1000,"height":667,"caption":"M\u00e9dica Endocrinologia"},{"@type":"BreadcrumbList","@id":"https:\/\/marqsaude.com\/especialidades\/#breadcrumb","itemListElement":[{"@type":"ListItem","position":1,"name":"Home","item":"https:\/\/marqsaude.com\/"},{"@type":"ListItem","position":2,"name":"Especialidades"}]},{"@type":"WebSite","@id":"https:\/\/marqsaude.com\/#website","url":"https:\/\/marqsaude.com\/","name":"marqsaude","description":"","publisher":{"@id":"https:\/\/marqsaude.com\/#organization"},"potentialAction":[{"@type":"SearchAction","target":{"@type":"EntryPoint","urlTemplate":"https:\/\/marqsaude.com\/?s={search_term_string}"},"query-input":{"@type":"PropertyValueSpecification","valueRequired":true,"valueName":"search_term_string"}}],"inLanguage":"en-US"},{"@type":"Organization","@id":"https:\/\/marqsaude.com\/#organization","name":"Marq Sa\u00fade Central de Agendamento","url":"https:\/\/marqsaude.com\/","logo":{"@type":"ImageObject","inLanguage":"en-US","@id":"https:\/\/marqsaude.com\/#\/schema\/logo\/image\/","url":"https:\/\/marqsaude.com\/wp-content\/uploads\/2022\/09\/cropped-Ativo-2.png","contentUrl":"https:\/\/marqsaude.com\/wp-content\/uploads\/2022\/09\/cropped-Ativo-2.png","width":1093,"height":232,"caption":"Marq Sa\u00fade Central de Agendamento"},"image":{"@id":"https:\/\/marqsaude.com\/#\/schema\/logo\/image\/"},"sameAs":["https:\/\/www.facebook.com\/MarqSaudepravoce"]}]}},"uagb_featured_image_src":{"full":["https:\/\/marqsaude.com\/wp-content\/uploads\/2023\/03\/Medica-1-e1678824643150.jpg",1000,667,false],"thumbnail":["https:\/\/marqsaude.com\/wp-content\/uploads\/2023\/03\/Medica-1-e1678824643150-150x150.jpg",150,150,true],"medium":["https:\/\/marqsaude.com\/wp-content\/uploads\/2023\/03\/Medica-1-e1678824643150-300x200.jpg",300,200,true],"medium_large":["https:\/\/marqsaude.com\/wp-content\/uploads\/2023\/03\/Medica-1-e1678824643150-768x512.jpg",768,512,true],"large":["https:\/\/marqsaude.com\/wp-content\/uploads\/2023\/03\/Medica-1-1024x683.jpg",1024,683,true],"1536x1536":["https:\/\/marqsaude.com\/wp-content\/uploads\/2023\/03\/Medica-1-e1678824643150.jpg",1000,667,false],"2048x2048":["https:\/\/marqsaude.com\/wp-content\/uploads\/2023\/03\/Medica-1-e1678824643150.jpg",1000,667,false],"trp-custom-language-flag":["https:\/\/marqsaude.com\/wp-content\/uploads\/2023\/03\/Medica-1-e1678824643150-18x12.jpg",18,12,true]},"uagb_author_info":{"display_name":"admin","author_link":"https:\/\/marqsaude.com\/en\/author\/admin-2\/"},"uagb_comment_info":0,"uagb_excerpt":null,"rttpg_featured_image_url":{"full":["https:\/\/marqsaude.com\/wp-content\/uploads\/2023\/03\/Medica-1-e1678824643150.jpg",1000,667,false],"landscape":["https:\/\/marqsaude.com\/wp-content\/uploads\/2023\/03\/Medica-1-e1678824643150.jpg",1000,667,false],"portraits":["https:\/\/marqsaude.com\/wp-content\/uploads\/2023\/03\/Medica-1-e1678824643150.jpg",1000,667,false],"thumbnail":["https:\/\/marqsaude.com\/wp-content\/uploads\/2023\/03\/Medica-1-e1678824643150-150x150.jpg",150,150,true],"medium":["https:\/\/marqsaude.com\/wp-content\/uploads\/2023\/03\/Medica-1-e1678824643150-300x200.jpg",300,200,true],"large":["https:\/\/marqsaude.com\/wp-content\/uploads\/2023\/03\/Medica-1-1024x683.jpg",1024,683,true],"1536x1536":["https:\/\/marqsaude.com\/wp-content\/uploads\/2023\/03\/Medica-1-e1678824643150.jpg",1000,667,false],"2048x2048":["https:\/\/marqsaude.com\/wp-content\/uploads\/2023\/03\/Medica-1-e1678824643150.jpg",1000,667,false],"trp-custom-language-flag":["https:\/\/marqsaude.com\/wp-content\/uploads\/2023\/03\/Medica-1-e1678824643150-18x12.jpg",18,12,true]},"rttpg_author":{"display_name":"admin","author_link":"https:\/\/marqsaude.com\/en\/author\/admin-2\/"},"rttpg_comment":0,"rttpg_category":null,"rttpg_excerpt":null,"_links":{"self":[{"href":"https:\/\/marqsaude.com\/en\/wp-json\/wp\/v2\/pages\/98","targetHints":{"allow":["GET"]}}],"collection":[{"href":"https:\/\/marqsaude.com\/en\/wp-json\/wp\/v2\/pages"}],"about":[{"href":"https:\/\/marqsaude.com\/en\/wp-json\/wp\/v2\/types\/page"}],"author":[{"embeddable":true,"href":"https:\/\/marqsaude.com\/en\/wp-json\/wp\/v2\/users\/2"}],"replies":[{"embeddable":true,"href":"https:\/\/marqsaude.com\/en\/wp-json\/wp\/v2\/comments?post=98"}],"version-history":[{"count":54,"href":"https:\/\/marqsaude.com\/en\/wp-json\/wp\/v2\/pages\/98\/revisions"}],"predecessor-version":[{"id":2269,"href":"https:\/\/marqsaude.com\/en\/wp-json\/wp\/v2\/pages\/98\/revisions\/2269"}],"wp:featuredmedia":[{"embeddable":true,"href":"https:\/\/marqsaude.com\/en\/wp-json\/wp\/v2\/media\/1644"}],"wp:attachment":[{"href":"https:\/\/marqsaude.com\/en\/wp-json\/wp\/v2\/media?parent=98"}],"curies":[{"name":"wp","href":"https:\/\/api.w.org\/{rel}","templated":true}]}}